{"id":6015,"date":"2022-05-28T19:52:30","date_gmt":"2022-05-28T15:22:30","guid":{"rendered":"https:\/\/heliconixgroup.com\/product\/zitronen-handmaske-anti-falten\/"},"modified":"2024-09-29T16:26:13","modified_gmt":"2024-09-29T12:56:13","slug":"zitronen-handmaske-anti-falten","status":"publish","type":"product","link":"https:\/\/heliconixgroup.com\/de\/produkt\/zitronen-handmaske-anti-falten\/","title":{"rendered":"Zitronen-Handmaske (Anti-Falten)"},"content":{"rendered":"<p>Die Heliconix-Handmaske wurde f\u00fcr die wirksame Befeuchtung und Ern\u00e4hrung Ihrer Handhaut entwickelt. Es kann auch helfen, die Haut zu sch\u00fctzen, indem es eine Schicht bildet. Die fortschrittliche Formulierung unserer Handmaske l\u00e4sst Sie die urspr\u00fcngliche Weichheit Ihrer Haut sp\u00fcren. Lassen Sie Ihre H\u00e4nde nach einem anstrengenden Tag mit der Heliconix-Handmaske vom Alltagsstress los und sorgen Sie f\u00fcr ein nat\u00fcrliches Gef\u00fchl. Sie k\u00f6nnen die Heliconics Handmaske aufsetzen und sofort mit Ihrer Aktivit\u00e4t fortfahren, denn alle Masken sind mit einem Klebeband ausgestattet, das die Masken an Ihrer Hand fixiert.<\/p>\n","protected":false},"excerpt":{"rendered":"<p>Die Heliconix-Handmaske wurde f\u00fcr die wirksame Befeuchtung und Ern\u00e4hrung Ihrer Handhaut entwickelt. Es kann auch helfen, die Haut zu sch\u00fctzen, indem es eine Schicht bildet. Die fortschrittliche Formulierung unserer Handmaske&#8230;<\/p>\n","protected":false},"featured_media":7462,"comment_status":"open","ping_status":"closed","template":"","meta":{"nf_dc_page":""},"product_brand":[],"product_cat":[324,257],"product_tag":[],"class_list":{"0":"post-6015","1":"product","2":"type-product","3":"status-publish","4":"has-post-thumbnail","6":"product_cat-handmasken","7":"product_cat-spezialmasken","9":"first","10":"instock","11":"shipping-taxable","12":"product-type-simple"},"_links":{"self":[{"href":"https:\/\/heliconixgroup.com\/de\/wp-json\/wp\/v2\/product\/6015","targetHints":{"allow":["GET"]}}],"collection":[{"href":"https:\/\/heliconixgroup.com\/de\/wp-json\/wp\/v2\/product"}],"about":[{"href":"https:\/\/heliconixgroup.com\/de\/wp-json\/wp\/v2\/types\/product"}],"replies":[{"embeddable":true,"href":"https:\/\/heliconixgroup.com\/de\/wp-json\/wp\/v2\/comments?post=6015"}],"wp:featuredmedia":[{"embeddable":true,"href":"https:\/\/heliconixgroup.com\/de\/wp-json\/wp\/v2\/media\/7462"}],"wp:attachment":[{"href":"https:\/\/heliconixgroup.com\/de\/wp-json\/wp\/v2\/media?parent=6015"}],"wp:term":[{"taxonomy":"product_brand","embeddable":true,"href":"https:\/\/heliconixgroup.com\/de\/wp-json\/wp\/v2\/product_brand?post=6015"},{"taxonomy":"product_cat","embeddable":true,"href":"https:\/\/heliconixgroup.com\/de\/wp-json\/wp\/v2\/product_cat?post=6015"},{"taxonomy":"product_tag","embeddable":true,"href":"https:\/\/heliconixgroup.com\/de\/wp-json\/wp\/v2\/product_tag?post=6015"}],"curies":[{"name":"wp","href":"https:\/\/api.w.org\/{rel}","templated":true}]}}