{"id":6002,"date":"2022-05-28T19:46:18","date_gmt":"2022-05-28T15:16:18","guid":{"rendered":"https:\/\/heliconixgroup.com\/product\/lavendel-fussmaske-peeling\/"},"modified":"2024-10-06T13:02:04","modified_gmt":"2024-10-06T09:32:04","slug":"lavendel-fussmaske-peeling","status":"publish","type":"product","link":"https:\/\/heliconixgroup.com\/de\/produkt\/lavendel-fussmaske-peeling\/","title":{"rendered":"Lavendel-Fu\u00dfmaske (Peeling)"},"content":{"rendered":"<p>Die Heliconix Peel-Off-Maske liefert die tiefe Feuchtigkeit und das sanfte Peeling, das Ihre F\u00fc\u00dfe ben\u00f6tigen, um die weiche Haut darunter wiederherzustellen.<br \/>Der Inhaltsstoffmix l\u00f6st m\u00fchelos abgestorbene Hautsch\u00fcppchen und peelt raue Stellen, ohne gesunde Haut zu reizen.<br \/>Der gesamte Pill-Off-Prozess dauert ein paar Wochen, bis Sie eine unglaublich weiche, glatte Haut haben.  <\/p>\n","protected":false},"excerpt":{"rendered":"<p>Vorteile 1-Feuchtigkeitsspendend 2-Peeling 3-Pflegewirkung 4-Regenerierend &nbsp;<\/p>\n","protected":false},"featured_media":5963,"comment_status":"open","ping_status":"closed","template":"","meta":{"nf_dc_page":""},"product_brand":[],"product_cat":[333,257],"product_tag":[],"class_list":{"0":"post-6002","1":"product","2":"type-product","3":"status-publish","4":"has-post-thumbnail","6":"product_cat-fussmasken","7":"product_cat-spezialmasken","9":"first","10":"instock","11":"shipping-taxable","12":"product-type-simple"},"_links":{"self":[{"href":"https:\/\/heliconixgroup.com\/de\/wp-json\/wp\/v2\/product\/6002","targetHints":{"allow":["GET"]}}],"collection":[{"href":"https:\/\/heliconixgroup.com\/de\/wp-json\/wp\/v2\/product"}],"about":[{"href":"https:\/\/heliconixgroup.com\/de\/wp-json\/wp\/v2\/types\/product"}],"replies":[{"embeddable":true,"href":"https:\/\/heliconixgroup.com\/de\/wp-json\/wp\/v2\/comments?post=6002"}],"wp:featuredmedia":[{"embeddable":true,"href":"https:\/\/heliconixgroup.com\/de\/wp-json\/wp\/v2\/media\/5963"}],"wp:attachment":[{"href":"https:\/\/heliconixgroup.com\/de\/wp-json\/wp\/v2\/media?parent=6002"}],"wp:term":[{"taxonomy":"product_brand","embeddable":true,"href":"https:\/\/heliconixgroup.com\/de\/wp-json\/wp\/v2\/product_brand?post=6002"},{"taxonomy":"product_cat","embeddable":true,"href":"https:\/\/heliconixgroup.com\/de\/wp-json\/wp\/v2\/product_cat?post=6002"},{"taxonomy":"product_tag","embeddable":true,"href":"https:\/\/heliconixgroup.com\/de\/wp-json\/wp\/v2\/product_tag?post=6002"}],"curies":[{"name":"wp","href":"https:\/\/api.w.org\/{rel}","templated":true}]}}