{"id":5997,"date":"2022-05-28T19:44:14","date_gmt":"2022-05-28T15:14:14","guid":{"rendered":"https:\/\/heliconixgroup.com\/product\/ozean-fussmaske-feuchtigkeitsspendend\/"},"modified":"2024-10-06T13:15:01","modified_gmt":"2024-10-06T09:45:01","slug":"ozean-fussmaske-feuchtigkeitsspendend","status":"publish","type":"product","link":"https:\/\/heliconixgroup.com\/de\/produkt\/ozean-fussmaske-feuchtigkeitsspendend\/","title":{"rendered":"Ozean-Fu\u00dfmaske (feuchtigkeitsspendend)"},"content":{"rendered":"<p>Die Feuchtigkeitsmaske von Heliconix spendet Ihren F\u00fc\u00dfen tiefe Feuchtigkeit und verleiht ihnen ein weiches Gef\u00fchl.<br \/>Die ausgekl\u00fcgelte Formel unserer Feuchtigkeitsfu\u00dfmasken erm\u00f6glicht es Ihrer Haut, ihre nat\u00fcrliche Weichheit wiederherzustellen.  &nbsp; Die feuchtigkeitsspendenden Eigenschaften der Fu\u00dfmasken von Heliconix sind in verschiedenen Geschmacksrichtungen wie Kokosnuss, Aloe Vera, Lavendel, Rose usw. erh\u00e4ltlich. Sie reduzieren auch Fu\u00dfger\u00fcche und sorgen f\u00fcr ein angenehmes und komfortables Gef\u00fchl.<br \/>Sie haben au\u00dferdem eine reparierende Wirkung auf die Haut Ihrer F\u00fc\u00dfe und spenden trockenen F\u00fc\u00dfen in nur 10\u201320 Minuten intensive Feuchtigkeit.   &nbsp;<\/p>\n","protected":false},"excerpt":{"rendered":"<p>Vorteile 1-Tiefenfeuchtigkeitsspendend 2-Pflegewirkung 3-Reparatur &nbsp;<\/p>\n","protected":false},"featured_media":5903,"comment_status":"open","ping_status":"closed","template":"","meta":{"nf_dc_page":""},"product_brand":[],"product_cat":[333,257],"product_tag":[],"class_list":{"0":"post-5997","1":"product","2":"type-product","3":"status-publish","4":"has-post-thumbnail","6":"product_cat-fussmasken","7":"product_cat-spezialmasken","9":"first","10":"instock","11":"shipping-taxable","12":"product-type-simple"},"_links":{"self":[{"href":"https:\/\/heliconixgroup.com\/de\/wp-json\/wp\/v2\/product\/5997","targetHints":{"allow":["GET"]}}],"collection":[{"href":"https:\/\/heliconixgroup.com\/de\/wp-json\/wp\/v2\/product"}],"about":[{"href":"https:\/\/heliconixgroup.com\/de\/wp-json\/wp\/v2\/types\/product"}],"replies":[{"embeddable":true,"href":"https:\/\/heliconixgroup.com\/de\/wp-json\/wp\/v2\/comments?post=5997"}],"wp:featuredmedia":[{"embeddable":true,"href":"https:\/\/heliconixgroup.com\/de\/wp-json\/wp\/v2\/media\/5903"}],"wp:attachment":[{"href":"https:\/\/heliconixgroup.com\/de\/wp-json\/wp\/v2\/media?parent=5997"}],"wp:term":[{"taxonomy":"product_brand","embeddable":true,"href":"https:\/\/heliconixgroup.com\/de\/wp-json\/wp\/v2\/product_brand?post=5997"},{"taxonomy":"product_cat","embeddable":true,"href":"https:\/\/heliconixgroup.com\/de\/wp-json\/wp\/v2\/product_cat?post=5997"},{"taxonomy":"product_tag","embeddable":true,"href":"https:\/\/heliconixgroup.com\/de\/wp-json\/wp\/v2\/product_tag?post=5997"}],"curies":[{"name":"wp","href":"https:\/\/api.w.org\/{rel}","templated":true}]}}