{"id":5989,"date":"2022-05-28T19:43:20","date_gmt":"2022-05-28T15:13:20","guid":{"rendered":"https:\/\/heliconixgroup.com\/product\/zitronen-fussmaske-feuchtigkeitsspendend\/"},"modified":"2024-10-06T13:25:55","modified_gmt":"2024-10-06T09:55:55","slug":"zitronen-fussmaske-feuchtigkeitsspendend","status":"publish","type":"product","link":"https:\/\/heliconixgroup.com\/de\/produkt\/zitronen-fussmaske-feuchtigkeitsspendend\/","title":{"rendered":"Zitronen-Fu\u00dfmaske (feuchtigkeitsspendend)"},"content":{"rendered":"<p>Die Feuchtigkeitsmaske von Heliconix verleiht Ihren F\u00fc\u00dfen tiefe Feuchtigkeit und ein weiches Gef\u00fchl. Die fortschrittliche Formulierung feuchtigkeitsspendender Fu\u00dfmasken erm\u00f6glicht Ihrer Haut, ihre nat\u00fcrliche Weichheit wiederzugewinnen.  &nbsp; Die feuchtigkeitsspendenden Eigenschaften der Heliconix-Fu\u00dfmaske sind in verschiedenen Essenzen wie Kokosnuss, Aloe Vera, Lavendel, Rose und anderen erh\u00e4ltlich. Au\u00dferdem reduziert es Fu\u00dfgeruch und sorgt f\u00fcr ein angenehmes Gef\u00fchl und Komfort. Unsere Feuchtigkeitsmasken wirken in nur 10 bis 15 Minuten reparierend auf die Fu\u00dfhaut und spenden gleichzeitig Feuchtigkeit.   &nbsp;<\/p>\n","protected":false},"excerpt":{"rendered":"<p>Vorteile 1-Tiefenwirksame Feuchtigkeitsversorgung 2-N\u00e4hrend 3-Regenerierend &nbsp;<\/p>\n","protected":false},"featured_media":5935,"comment_status":"open","ping_status":"closed","template":"","meta":{"nf_dc_page":""},"product_brand":[],"product_cat":[333,257],"product_tag":[],"class_list":{"0":"post-5989","1":"product","2":"type-product","3":"status-publish","4":"has-post-thumbnail","6":"product_cat-fussmasken","7":"product_cat-spezialmasken","9":"first","10":"instock","11":"shipping-taxable","12":"product-type-simple"},"_links":{"self":[{"href":"https:\/\/heliconixgroup.com\/de\/wp-json\/wp\/v2\/product\/5989","targetHints":{"allow":["GET"]}}],"collection":[{"href":"https:\/\/heliconixgroup.com\/de\/wp-json\/wp\/v2\/product"}],"about":[{"href":"https:\/\/heliconixgroup.com\/de\/wp-json\/wp\/v2\/types\/product"}],"replies":[{"embeddable":true,"href":"https:\/\/heliconixgroup.com\/de\/wp-json\/wp\/v2\/comments?post=5989"}],"wp:featuredmedia":[{"embeddable":true,"href":"https:\/\/heliconixgroup.com\/de\/wp-json\/wp\/v2\/media\/5935"}],"wp:attachment":[{"href":"https:\/\/heliconixgroup.com\/de\/wp-json\/wp\/v2\/media?parent=5989"}],"wp:term":[{"taxonomy":"product_brand","embeddable":true,"href":"https:\/\/heliconixgroup.com\/de\/wp-json\/wp\/v2\/product_brand?post=5989"},{"taxonomy":"product_cat","embeddable":true,"href":"https:\/\/heliconixgroup.com\/de\/wp-json\/wp\/v2\/product_cat?post=5989"},{"taxonomy":"product_tag","embeddable":true,"href":"https:\/\/heliconixgroup.com\/de\/wp-json\/wp\/v2\/product_tag?post=5989"}],"curies":[{"name":"wp","href":"https:\/\/api.w.org\/{rel}","templated":true}]}}