{"id":2277,"date":"2024-09-11T06:44:18","date_gmt":"2024-09-11T03:14:18","guid":{"rendered":"https:\/\/heliconixgroup.com\/tipps-und-ratschlaege\/"},"modified":"2024-09-27T21:33:10","modified_gmt":"2024-09-27T18:03:10","slug":"tipps-und-ratschlaege","status":"publish","type":"page","link":"https:\/\/heliconixgroup.com\/de\/tipps-und-ratschlaege\/","title":{"rendered":"Tipps und Ratschl\u00e4ge"},"content":{"rendered":"\t\t<div data-elementor-type=\"wp-page\" data-elementor-id=\"2277\" class=\"elementor elementor-2277 elementor-2132\" data-elementor-post-type=\"page\">\n\t\t\t\t<div class=\"elementor-element elementor-element-beace63 e-flex e-con-boxed e-con e-parent\" data-id=\"beace63\" data-element_type=\"container\" data-e-type=\"container\">\n\t\t\t\t\t<div class=\"e-con-inner\">\n\t\t\t\t<div class=\"elementor-element elementor-element-9d5dfc8 ahura-dark-mode-filter-texts-no elementor-widget elementor-widget-spacer\" data-id=\"9d5dfc8\" data-element_type=\"widget\" data-e-type=\"widget\" data-widget_type=\"spacer.default\">\n\t\t\t\t<div class=\"elementor-widget-container\">\n\t\t\t\t\t\t\t<div class=\"elementor-spacer\">\n\t\t\t<div class=\"elementor-spacer-inner\"><\/div>\n\t\t<\/div>\n\t\t\t\t\t\t<\/div>\n\t\t\t\t<\/div>\n\t\t\t\t\t<\/div>\n\t\t\t\t<\/div>\n\t\t<div class=\"elementor-element elementor-element-fab1c37 e-flex e-con-boxed e-con e-parent\" data-id=\"fab1c37\" data-element_type=\"container\" data-e-type=\"container\">\n\t\t\t\t\t<div class=\"e-con-inner\">\n\t\t<div class=\"elementor-element elementor-element-26b7313 e-con-full e-flex e-con e-child\" data-id=\"26b7313\" data-element_type=\"container\" data-e-type=\"container\">\n\t\t\t\t<div class=\"elementor-element elementor-element-afb7770 ahura-element-dark-mode-no ahura-dark-mode-filter-texts-no elementor-widget elementor-widget-postarchive2\" data-id=\"afb7770\" data-element_type=\"widget\" data-e-type=\"widget\" data-widget_type=\"postarchive2.default\">\n\t\t\t\t<div class=\"elementor-widget-container\">\n\t\t\t\t\t        <div class=\"ah-post-archive-2-element ah-post-archive2-afb7770\">\n                            <h2 class=\"ah-widget-title ah-has-text\">Ratschl\u00e4ge<\/h2>\n                <div class=\"posts-container\">\n                                            <div class=\"post-box post-archive1 ah-has-bg\">\n                            <div class=\"post-archive1-thumbnail\">\n                                <img fetchpriority=\"high\" decoding=\"async\" width=\"600\" height=\"350\" src=\"https:\/\/heliconixgroup.com\/wp-content\/uploads\/2022\/05\/applying-cream-600x350.jpg\" class=\"attachment-stthumb size-stthumb wp-post-image\" alt=\"\" \/>                            <\/div>\n                            <div class=\"post-archive1-details ah-has-text\">\n                                <a href=\"https:\/\/heliconixgroup.com\/de\/warum-muss-die-haut-der-fuesse-mit-feuchtigkeit-versorgt-werden\/\">\n                                    <h3 class=\"post-title\">Warum braucht die Fu\u00dfhaut Feuchtigkeit?<\/h3>\n                                <\/a>\n                                                                    <div class=\"ah-excerpt\"><p>Warum braucht die Fu\u00dfhaut Feuchtigkeit? Feuchtigkeitsmangel in den F\u00fc\u00dfen kann auftreten present itself as itchiness, cracks or fissures, changes in texture and colour such as hardness, flaking\/shedding, yellowness or redness<\/p><\/div>\n                                                                                                                                                                                                                                            <div class=\"btns-wrap\">\n                                        <a href=\"https:\/\/heliconixgroup.com\/de\/warum-muss-die-haut-der-fuesse-mit-feuchtigkeit-versorgt-werden\/\" target=\"_self\" class=\"ah-is-button\">\n                                            View Post                                        <\/a>\n                                    <\/div>\n                                                            <\/div>\n                        <\/div>\n                                    <\/div>\n                    <\/div>\n\t\t\t\t<\/div>\n\t\t\t\t<\/div>\n\t\t\t\t<\/div>\n\t\t<div class=\"elementor-element elementor-element-c3b5883 e-con-full e-flex e-con e-child\" data-id=\"c3b5883\" data-element_type=\"container\" data-e-type=\"container\">\n\t\t\t\t<div class=\"elementor-element elementor-element-4ec1a14 ahura-element-dark-mode-no ahura-dark-mode-filter-texts-no elementor-widget elementor-widget-postarchive2\" data-id=\"4ec1a14\" data-element_type=\"widget\" data-e-type=\"widget\" data-widget_type=\"postarchive2.default\">\n\t\t\t\t<div class=\"elementor-widget-container\">\n\t\t\t\t\t        <div class=\"ah-post-archive-2-element ah-post-archive2-4ec1a14\">\n                            <h2 class=\"ah-widget-title ah-has-text\">\u0646\u06a9\u0627\u062a<\/h2>\n                <div class=\"posts-container\">\n                                            <div class=\"post-box post-archive1 ah-has-bg\">\n                            <div class=\"post-archive1-thumbnail\">\n                                <img decoding=\"async\" width=\"600\" height=\"350\" src=\"https:\/\/heliconixgroup.com\/wp-content\/uploads\/2024\/09\/foot-cream-white--600x350.webp\" class=\"attachment-stthumb size-stthumb wp-post-image\" alt=\"\" \/>                            <\/div>\n                            <div class=\"post-archive1-details ah-has-text\">\n                                <a href=\"https:\/\/heliconixgroup.com\/de\/5-tipps-gegen-trockene-rissige-fuesse\/\">\n                                    <h3 class=\"post-title\">5 Tipps gegen trockene, rissige F\u00fc\u00dfe<\/h3>\n                                <\/a>\n                                                                    <div class=\"ah-excerpt\"><p>5 Tipps gegen trockene, rissige F\u00fc\u00dfe | Peeling Ihre F\u00fc\u00dfe | Moisturize Daily | \u00dcber Nacht in Socken einweichen | Nehmen Sie keine dampfenden Duschen | Tragen Sie bequeme, gut...<\/p><\/div>\n                                                                                                                                                                                                                                            <div class=\"btns-wrap\">\n                                        <a href=\"https:\/\/heliconixgroup.com\/de\/5-tipps-gegen-trockene-rissige-fuesse\/\" target=\"_self\" class=\"ah-is-button\">\n                                            View Post                                        <\/a>\n                                    <\/div>\n                                                            <\/div>\n                        <\/div>\n                                    <\/div>\n                    <\/div>\n\t\t\t\t<\/div>\n\t\t\t\t<\/div>\n\t\t\t\t<\/div>\n\t\t\t\t\t<\/div>\n\t\t\t\t<\/div>\n\t\t<div class=\"elementor-element elementor-element-616d953 e-flex e-con-boxed e-con e-parent\" data-id=\"616d953\" data-element_type=\"container\" data-e-type=\"container\">\n\t\t\t\t\t<div class=\"e-con-inner\">\n\t\t\t\t<div class=\"elementor-element elementor-element-ba04c36 ahura-dark-mode-filter-texts-no elementor-widget elementor-widget-spacer\" data-id=\"ba04c36\" data-element_type=\"widget\" data-e-type=\"widget\" data-widget_type=\"spacer.default\">\n\t\t\t\t<div class=\"elementor-widget-container\">\n\t\t\t\t\t\t\t<div class=\"elementor-spacer\">\n\t\t\t<div class=\"elementor-spacer-inner\"><\/div>\n\t\t<\/div>\n\t\t\t\t\t\t<\/div>\n\t\t\t\t<\/div>\n\t\t\t\t\t<\/div>\n\t\t\t\t<\/div>\n\t\t\t\t<\/div>\n\t\t","protected":false},"excerpt":{"rendered":"<p>\u062a\u0648\u0635\u06cc\u0647 \u0647\u0627 \u0686\u0631\u0627 \u067e\u0648\u0633\u062a \u067e\u0627 \u0646\u06cc\u0627\u0632 \u0628\u0647 \u0645\u0631\u0637\u0648\u0628 \u06a9\u0631\u062f\u0646 \u062f\u0627\u0631\u062f\u061f \u0686\u0631\u0627 \u067e\u0648\u0633\u062a \u067e\u0627 \u0646\u06cc\u0627\u0632 \u0628\u0647 \u0645\u0631\u0637\u0648\u0628 \u06a9\u0631\u062f\u0646 \u062f\u0627\u0631\u062f\u061f \u06a9\u0645\u0628\u0648\u062f \u0631\u0637\u0648\u0628\u062a \u062f\u0631 \u067e\u0627\u0647\u0627 \u0645\u0645\u06a9\u0646 \u0627\u0633\u062a \u06a9\u0645\u0628\u0648\u062f \u0631\u0637\u0648\u0628\u062a \u062f\u0631 \u067e\u0627\u0647\u0627 \u0645\u0645\u06a9\u0646 \u0627\u0633\u062a&#8230;<\/p>\n","protected":false},"author":2,"featured_media":0,"parent":0,"menu_order":0,"comment_status":"closed","ping_status":"closed","template":"elementor_header_footer","meta":{"nf_dc_page":"","footnotes":""},"class_list":["post-2277","page","type-page","status-publish","hentry"],"_links":{"self":[{"href":"https:\/\/heliconixgroup.com\/de\/wp-json\/wp\/v2\/pages\/2277","targetHints":{"allow":["GET"]}}],"collection":[{"href":"https:\/\/heliconixgroup.com\/de\/wp-json\/wp\/v2\/pages"}],"about":[{"href":"https:\/\/heliconixgroup.com\/de\/wp-json\/wp\/v2\/types\/page"}],"author":[{"embeddable":true,"href":"https:\/\/heliconixgroup.com\/de\/wp-json\/wp\/v2\/users\/2"}],"replies":[{"embeddable":true,"href":"https:\/\/heliconixgroup.com\/de\/wp-json\/wp\/v2\/comments?post=2277"}],"version-history":[{"count":0,"href":"https:\/\/heliconixgroup.com\/de\/wp-json\/wp\/v2\/pages\/2277\/revisions"}],"wp:attachment":[{"href":"https:\/\/heliconixgroup.com\/de\/wp-json\/wp\/v2\/media?parent=2277"}],"curies":[{"name":"wp","href":"https:\/\/api.w.org\/{rel}","templated":true}]}}