{"id":1474,"date":"2024-08-29T11:31:19","date_gmt":"2024-08-29T08:01:19","guid":{"rendered":"https:\/\/heliconixgroup.com\/ueber-uns\/"},"modified":"2024-12-16T13:41:22","modified_gmt":"2024-12-16T10:11:22","slug":"ueber-uns","status":"publish","type":"page","link":"https:\/\/heliconixgroup.com\/de\/ueber-uns\/","title":{"rendered":"\u00fcber uns"},"content":{"rendered":"\t\t<div data-elementor-type=\"wp-page\" data-elementor-id=\"1474\" class=\"elementor elementor-1474 elementor-991\" data-elementor-post-type=\"page\">\n\t\t\t\t<div class=\"elementor-element elementor-element-e54cf7d e-flex e-con-boxed e-con e-parent\" data-id=\"e54cf7d\" data-element_type=\"container\" data-e-type=\"container\">\n\t\t\t\t\t<div class=\"e-con-inner\">\n\t\t\t\t<div class=\"elementor-element elementor-element-ca226ae ahura-dark-mode-filter-texts-no elementor-widget elementor-widget-spacer\" data-id=\"ca226ae\" data-element_type=\"widget\" data-e-type=\"widget\" data-widget_type=\"spacer.default\">\n\t\t\t\t<div class=\"elementor-widget-container\">\n\t\t\t\t\t\t\t<div class=\"elementor-spacer\">\n\t\t\t<div class=\"elementor-spacer-inner\"><\/div>\n\t\t<\/div>\n\t\t\t\t\t\t<\/div>\n\t\t\t\t<\/div>\n\t\t\t\t\t<\/div>\n\t\t\t\t<\/div>\n\t\t<div class=\"elementor-element elementor-element-aa1e9fe e-flex e-con-boxed e-con e-parent\" data-id=\"aa1e9fe\" data-element_type=\"container\" data-e-type=\"container\">\n\t\t\t\t\t<div class=\"e-con-inner\">\n\t\t<div class=\"elementor-element elementor-element-9f0cfe9 e-con-full e-flex e-con e-child\" data-id=\"9f0cfe9\" data-element_type=\"container\" data-e-type=\"container\">\n\t\t\t\t<div class=\"elementor-element elementor-element-8192d56 ahura-dark-mode-filter-texts-no elementor-widget elementor-widget-heading\" data-id=\"8192d56\" data-element_type=\"widget\" data-e-type=\"widget\" data-widget_type=\"heading.default\">\n\t\t\t\t<div class=\"elementor-widget-container\">\n\t\t\t\t\t<h2 class=\"elementor-heading-title elementor-size-default\">Heliconix Gruppe<\/h2>\t\t\t\t<\/div>\n\t\t\t\t<\/div>\n\t\t\t\t<div class=\"elementor-element elementor-element-bc846b4 elementor-widget-laptop__width-initial ahura-dark-mode-filter-texts-no elementor-widget elementor-widget-text-editor\" data-id=\"bc846b4\" data-element_type=\"widget\" data-e-type=\"widget\" data-widget_type=\"text-editor.default\">\n\t\t\t\t<div class=\"elementor-widget-container\">\n\t\t\t\t\t\t\t\t\t<p><span style=\"color: inherit; text-align: inherit;\">Heliconix ist das Ergebnis einer strategischen Investition durch die Eurotech Synthetik GmbH. Die Gruppe bietet die Produkte der Marke Heliconix im Bereich Sch\u00f6nheit und Hautpflege an. Alle Heliconix-Produkte werden von unseren erfahrenen Teams in den verschiedenen Abteilungen der Heliconix-Gruppe hergestellt und verpackt. Wir unterst\u00fctzen unsere gesch\u00e4tzten Kunden von der Gestaltung und Produktion \u00fcber die Formulierung und das technische Know-how bis hin zur Weiterentwicklung neuer Produkte. Die Heliconix-Gruppe garantiert Ihnen eine einzigartige Qualit\u00e4t und Zuverl\u00e4ssigkeit.<\/span><\/p>\t\t\t\t\t\t\t\t<\/div>\n\t\t\t\t<\/div>\n\t\t<div class=\"elementor-element elementor-element-51b2aed e-con-full e-flex e-con e-child\" data-id=\"51b2aed\" data-element_type=\"container\" data-e-type=\"container\">\n\t\t\t\t<div class=\"elementor-element elementor-element-036b63d ahura-dark-mode-filter-texts-no elementor-widget elementor-widget-spacer\" data-id=\"036b63d\" data-element_type=\"widget\" data-e-type=\"widget\" data-widget_type=\"spacer.default\">\n\t\t\t\t<div class=\"elementor-widget-container\">\n\t\t\t\t\t\t\t<div class=\"elementor-spacer\">\n\t\t\t<div class=\"elementor-spacer-inner\"><\/div>\n\t\t<\/div>\n\t\t\t\t\t\t<\/div>\n\t\t\t\t<\/div>\n\t\t\t\t<\/div>\n\t\t\t\t<div class=\"elementor-element elementor-element-2fea8cf ahura-dark-mode-filter-texts-no elementor-widget elementor-widget-heading\" data-id=\"2fea8cf\" data-element_type=\"widget\" data-e-type=\"widget\" data-widget_type=\"heading.default\">\n\t\t\t\t<div class=\"elementor-widget-container\">\n\t\t\t\t\t<h2 class=\"elementor-heading-title elementor-size-default\">Eurotech Synthetik GmbH<\/h2>\t\t\t\t<\/div>\n\t\t\t\t<\/div>\n\t\t\t\t<div class=\"elementor-element elementor-element-6be82c4 elementor-widget-laptop__width-initial ahura-dark-mode-filter-texts-no elementor-widget elementor-widget-text-editor\" data-id=\"6be82c4\" data-element_type=\"widget\" data-e-type=\"widget\" data-widget_type=\"text-editor.default\">\n\t\t\t\t<div class=\"elementor-widget-container\">\n\t\t\t\t\t\t\t\t\t<p>Eurotech Synthetik hat seinen Sitz in Berlin und verf\u00fcgt \u00fcber umfassendes technisches Know-how zur Herstellung verschiedenster Produkte in Branchen wie der Automobilindustrie, Medizin, Filtration und der \u00dcbertragungstechnologie.<\/p><p>Eurotech Synthetik treibt mit ma\u00dfgeschneiderten L\u00f6sungen f\u00fcr eine bessere Zukunft die Innovation in verschiedenen Industrien voran.<\/p>\t\t\t\t\t\t\t\t<\/div>\n\t\t\t\t<\/div>\n\t\t\t\t<\/div>\n\t\t<div class=\"elementor-element elementor-element-a18fec5 e-con-full e-flex e-con e-child\" data-id=\"a18fec5\" data-element_type=\"container\" data-e-type=\"container\">\n\t\t\t\t<div class=\"elementor-element elementor-element-af9f10c ahura-dark-mode-filter-texts-no elementor-widget elementor-widget-image\" data-id=\"af9f10c\" data-element_type=\"widget\" data-e-type=\"widget\" data-widget_type=\"image.default\">\n\t\t\t\t<div class=\"elementor-widget-container\">\n\t\t\t\t\t\t\t\t\t\t\t\t\t\t\t<img fetchpriority=\"high\" decoding=\"async\" width=\"2560\" height=\"1706\" src=\"https:\/\/heliconixgroup.com\/wp-content\/uploads\/2024\/09\/About-us-scaled-1-1.webp\" class=\"attachment-large size-large wp-image-5736\" alt=\"\" srcset=\"https:\/\/heliconixgroup.com\/wp-content\/uploads\/2024\/09\/About-us-scaled-1-1.webp 2560w, https:\/\/heliconixgroup.com\/wp-content\/uploads\/2024\/09\/About-us-scaled-1-1-768x512.webp 768w, https:\/\/heliconixgroup.com\/wp-content\/uploads\/2024\/09\/About-us-scaled-1-1-1536x1024.webp 1536w, https:\/\/heliconixgroup.com\/wp-content\/uploads\/2024\/09\/About-us-scaled-1-1-2048x1365.webp 2048w, https:\/\/heliconixgroup.com\/wp-content\/uploads\/2024\/09\/About-us-scaled-1-1-600x400.webp 600w\" sizes=\"(max-width: 2560px) 100vw, 2560px\" \/>\t\t\t\t\t\t\t\t\t\t\t\t\t\t\t<\/div>\n\t\t\t\t<\/div>\n\t\t\t\t<\/div>\n\t\t\t\t\t<\/div>\n\t\t\t\t<\/div>\n\t\t<div class=\"elementor-element elementor-element-29897c2 e-flex e-con-boxed e-con e-parent\" data-id=\"29897c2\" data-element_type=\"container\" data-e-type=\"container\">\n\t\t\t\t\t<div class=\"e-con-inner\">\n\t\t\t\t<div class=\"elementor-element elementor-element-b7bf036 ahura-dark-mode-filter-texts-no elementor-widget elementor-widget-spacer\" data-id=\"b7bf036\" data-element_type=\"widget\" data-e-type=\"widget\" data-widget_type=\"spacer.default\">\n\t\t\t\t<div class=\"elementor-widget-container\">\n\t\t\t\t\t\t\t<div class=\"elementor-spacer\">\n\t\t\t<div class=\"elementor-spacer-inner\"><\/div>\n\t\t<\/div>\n\t\t\t\t\t\t<\/div>\n\t\t\t\t<\/div>\n\t\t\t\t\t<\/div>\n\t\t\t\t<\/div>\n\t\t\t\t<\/div>\n\t\t","protected":false},"excerpt":{"rendered":"<p>Heliconix Gruppe Heliconix ist das Ergebnis einer strategischen Investition durch die Eurotech Synthetik GmbH. Die Gruppe bietet die Produkte der Marke Heliconix im Bereich Sch\u00f6nheit und Hautpflege an. Alle Heliconix-Produkte&#8230;<\/p>\n","protected":false},"author":2,"featured_media":0,"parent":0,"menu_order":0,"comment_status":"closed","ping_status":"closed","template":"elementor_header_footer","meta":{"nf_dc_page":"","footnotes":""},"class_list":["post-1474","page","type-page","status-publish","hentry"],"_links":{"self":[{"href":"https:\/\/heliconixgroup.com\/de\/wp-json\/wp\/v2\/pages\/1474","targetHints":{"allow":["GET"]}}],"collection":[{"href":"https:\/\/heliconixgroup.com\/de\/wp-json\/wp\/v2\/pages"}],"about":[{"href":"https:\/\/heliconixgroup.com\/de\/wp-json\/wp\/v2\/types\/page"}],"author":[{"embeddable":true,"href":"https:\/\/heliconixgroup.com\/de\/wp-json\/wp\/v2\/users\/2"}],"replies":[{"embeddable":true,"href":"https:\/\/heliconixgroup.com\/de\/wp-json\/wp\/v2\/comments?post=1474"}],"version-history":[{"count":12,"href":"https:\/\/heliconixgroup.com\/de\/wp-json\/wp\/v2\/pages\/1474\/revisions"}],"predecessor-version":[{"id":8608,"href":"https:\/\/heliconixgroup.com\/de\/wp-json\/wp\/v2\/pages\/1474\/revisions\/8608"}],"wp:attachment":[{"href":"https:\/\/heliconixgroup.com\/de\/wp-json\/wp\/v2\/media?parent=1474"}],"curies":[{"name":"wp","href":"https:\/\/api.w.org\/{rel}","templated":true}]}}